{"id":282,"date":"2020-03-26T09:30:58","date_gmt":"2020-03-26T08:30:58","guid":{"rendered":"http:\/\/ciepermisdeconstruire.fr\/?page_id=282"},"modified":"2025-03-13T15:03:19","modified_gmt":"2025-03-13T14:03:19","slug":"contact","status":"publish","type":"page","link":"https:\/\/ciepermisdeconstruire.fr\/index.php\/contact\/","title":{"rendered":"Contact"},"content":{"rendered":"\t\t<div data-elementor-type=\"wp-page\" data-elementor-id=\"282\" class=\"elementor elementor-282\">\n\t\t\t\t\t\t\t\t\t<section class=\"elementor-section elementor-top-section elementor-element elementor-element-35e8281 elementor-section-boxed elementor-section-height-default elementor-section-height-default\" data-id=\"35e8281\" data-element_type=\"section\">\n\t\t\t\t\t\t<div class=\"elementor-container elementor-column-gap-default\">\n\t\t\t\t\t\t\t\t<\/div>\n\t\t<\/section>\n\t\t\t\t<section class=\"elementor-section elementor-top-section elementor-element elementor-element-e0803ab elementor-section-boxed elementor-section-height-default elementor-section-height-default\" data-id=\"e0803ab\" data-element_type=\"section\">\n\t\t\t\t\t\t<div class=\"elementor-container elementor-column-gap-default\">\n\t\t\t\t\t<div class=\"elementor-column elementor-col-100 elementor-top-column elementor-element elementor-element-8ab75ee\" data-id=\"8ab75ee\" data-element_type=\"column\">\n\t\t\t<div class=\"elementor-widget-wrap elementor-element-populated\">\n\t\t\t\t\t\t\t\t<div class=\"elementor-element elementor-element-c0f6fd5 elementor-invisible elementor-widget elementor-widget-text-editor\" data-id=\"c0f6fd5\" data-element_type=\"widget\" data-settings=\"{&quot;_animation&quot;:&quot;fadeIn&quot;}\" data-widget_type=\"text-editor.default\">\n\t\t\t\t<div class=\"elementor-widget-container\">\n\t\t\t\t\t\t\t<p>Permis de construire<\/p><p>40 rue des amandiers<br \/>75020 Paris<\/p><p>cie.permisdeconstruire@gmail.com<\/p><p>06 59 59 74 33 \/ 07 70 33 40 80 <\/p><p>facebook @cie.permisdeconstruire<br \/>instagram @cie.permisdeconstruire<\/p><p>On organise un grand d\u00e9m\u00e9nagement pour quitter meta &#8211; \u00e0 suivre<\/p>\t\t\t\t\t\t<\/div>\n\t\t\t\t<\/div>\n\t\t\t\t\t<\/div>\n\t\t<\/div>\n\t\t\t\t\t\t\t<\/div>\n\t\t<\/section>\n\t\t\t\t\t\t\t<\/div>\n\t\t","protected":false},"excerpt":{"rendered":"<p>Permis de construire 40 rue des amandiers75020 Paris cie.permisdeconstruire@gmail.com 06 59 59 74 33 \/ 07 70 33 40 80 facebook @cie.permisdeconstruireinstagram @cie.permisdeconstruire On organise un grand d\u00e9m\u00e9nagement pour quitter [&hellip;]<\/p>\n","protected":false},"author":1,"featured_media":0,"parent":0,"menu_order":0,"comment_status":"closed","ping_status":"closed","template":"","meta":[],"_links":{"self":[{"href":"https:\/\/ciepermisdeconstruire.fr\/index.php\/wp-json\/wp\/v2\/pages\/282"}],"collection":[{"href":"https:\/\/ciepermisdeconstruire.fr\/index.php\/wp-json\/wp\/v2\/pages"}],"about":[{"href":"https:\/\/ciepermisdeconstruire.fr\/index.php\/wp-json\/wp\/v2\/types\/page"}],"author":[{"embeddable":true,"href":"https:\/\/ciepermisdeconstruire.fr\/index.php\/wp-json\/wp\/v2\/users\/1"}],"replies":[{"embeddable":true,"href":"https:\/\/ciepermisdeconstruire.fr\/index.php\/wp-json\/wp\/v2\/comments?post=282"}],"version-history":[{"count":30,"href":"https:\/\/ciepermisdeconstruire.fr\/index.php\/wp-json\/wp\/v2\/pages\/282\/revisions"}],"predecessor-version":[{"id":2076,"href":"https:\/\/ciepermisdeconstruire.fr\/index.php\/wp-json\/wp\/v2\/pages\/282\/revisions\/2076"}],"wp:attachment":[{"href":"https:\/\/ciepermisdeconstruire.fr\/index.php\/wp-json\/wp\/v2\/media?parent=282"}],"curies":[{"name":"wp","href":"https:\/\/api.w.org\/{rel}","templated":true}]}}